
{"id":857,"date":"2021-11-01T15:23:08","date_gmt":"2021-11-01T14:23:08","guid":{"rendered":"https:\/\/venissa.it\/regalavenissa\/?post_type=product&#038;p=857"},"modified":"2026-03-28T10:37:14","modified_gmt":"2026-03-28T09:37:14","slug":"1-notte-a-casa-burano-ristorante-venissa","status":"publish","type":"product","link":"https:\/\/venissa.it\/regalavenissa\/prodotto\/1-notte-a-casa-burano-ristorante-venissa\/","title":{"rendered":"1 notte a Casa Burano + Ristorante Venissa"},"content":{"rendered":"","protected":false},"excerpt":{"rendered":"<p>Una fuga di una notte tra i colori e i profumi della laguna. Un magico soggiorno a Casa Burano, circondati dai colori dell&#8217;isola dei pescatori. E una cena al Ristorante Venissa (Una Stella MICHELIN + Stella Verde MICHELIN 2022), dove gli ingredienti della laguna e della tenuta diventano percorsi di cucina ambientale, realizzati dagli Chef Chiara Pavan e Francesco Brutto.<\/p>\n<p>&nbsp;<\/p>\n<p><b><span style=\"text-decoration: underline;\">Il voucher per due persone include<\/span>:<\/b><\/p>\n<p>\u2022 Una notte in camera doppia superiore a Casa Burano<br \/>\n\u2022 Colazione servita a Venissa<br \/>\n\u2022 Assaggio del vino Venissa Bianco<br \/>\n\u2022 Men\u00f9 7 portate al Ristorante Venissa (Una Stella MICHELIN + Stella Verde MICHELIN 2022)<br \/>\n\u2022 Abbinamento vini, acqua e caff\u00e8<br \/>\n\u2022 Servizio barca A\/R da Venezia (Riva degli Schiavoni \/ Piazzale Roma)<\/p>\n<p>&nbsp;<\/p>\n<p>E&#8217; possibile acquistare, aggiungendolo al carrello, un upgrade in una camera di tipologia superiore (il prezzo si intende a camera a notte):<br \/>\n<a href=\"https:\/\/venissa.it\/regalavenissa\/prodotto\/upgrade-junior-suite\/\">\u20ac50 in Junior Suite<\/a><br \/>\n<a href=\"https:\/\/venissa.it\/regalavenissa\/prodotto\/upgrade-suite\/\">\u20ac100 in Suite<\/a><\/p>\n<p>&nbsp;<\/p>\n<p>E&#8217; possibile anche acquistare una o pi\u00f9 notti aggiuntive <a href=\"https:\/\/venissa.it\/regalavenissa\/prodotto\/1-notte-a-casa-burano\/\">qui<\/a>. (Si ricorda che, in caso si scelga l&#8217;upgrade, si dovr\u00e0 acquistarne uno per ciascuna notte).<\/p>\n<p>&nbsp;<\/p>\n<h6><b>Il voucher \u00e8 valido per due persone fino al 6 gennaio 2027. Leggi tutti <\/b><a href=\"https:\/\/venissa.it\/regalavenissa\/termini-e-condizioni-venissa-gift-vouchers\/\"><b>i termini e le condizioni dell&#8217;offerta<\/b><\/a><b>.<\/b><\/h6>\n<h6>La prenotazione del voucher \u00e8 soggetta a disponibilit\u00e0. Vi consigliamo di prenotare con ampio anticipo chiamandoci allo 041 5272281 oppure inviando una mail a\u00a0<b><\/b><b><a href=\"mailto:info@venissa.it\">info@venissa.it<\/a><\/b><\/h6>\n<h6 class=\"p1\">La presenza di restrizioni alimentari potr\u00e0 implicare la riduzione del numero di piatti rispetto alla degustazione selezionata. Inoltre, potr\u00e0 rendersi necessario servire il men\u00f9 adattato alle restrizioni alimentari per tutti i commensali.<\/h6>\n","protected":false},"featured_media":2861,"template":"","meta":[],"product_brand":[],"product_cat":[62,63,15],"product_tag":[],"class_list":{"0":"post-857","1":"product","2":"type-product","3":"status-publish","4":"has-post-thumbnail","6":"product_cat-ristorante-venissa","7":"product_cat-soggiorno","8":"product_cat-tutti","10":"first","11":"instock","12":"virtual","13":"purchasable","14":"product-type-simple"},"_links":{"self":[{"href":"https:\/\/venissa.it\/regalavenissa\/wp-json\/wp\/v2\/product\/857","targetHints":{"allow":["GET"]}}],"collection":[{"href":"https:\/\/venissa.it\/regalavenissa\/wp-json\/wp\/v2\/product"}],"about":[{"href":"https:\/\/venissa.it\/regalavenissa\/wp-json\/wp\/v2\/types\/product"}],"wp:featuredmedia":[{"embeddable":true,"href":"https:\/\/venissa.it\/regalavenissa\/wp-json\/wp\/v2\/media\/2861"}],"wp:attachment":[{"href":"https:\/\/venissa.it\/regalavenissa\/wp-json\/wp\/v2\/media?parent=857"}],"wp:term":[{"taxonomy":"product_brand","embeddable":true,"href":"https:\/\/venissa.it\/regalavenissa\/wp-json\/wp\/v2\/product_brand?post=857"},{"taxonomy":"product_cat","embeddable":true,"href":"https:\/\/venissa.it\/regalavenissa\/wp-json\/wp\/v2\/product_cat?post=857"},{"taxonomy":"product_tag","embeddable":true,"href":"https:\/\/venissa.it\/regalavenissa\/wp-json\/wp\/v2\/product_tag?post=857"}],"curies":[{"name":"wp","href":"https:\/\/api.w.org\/{rel}","templated":true}]}}