
{"id":850,"date":"2021-11-01T15:17:27","date_gmt":"2021-11-01T14:17:27","guid":{"rendered":"https:\/\/venissa.it\/regalavenissa\/?post_type=product&#038;p=850"},"modified":"2026-03-28T10:36:01","modified_gmt":"2026-03-28T09:36:01","slug":"ristorante-stellato","status":"publish","type":"product","link":"https:\/\/venissa.it\/regalavenissa\/prodotto\/ristorante-stellato\/","title":{"rendered":"Ristorante Venissa &#8211; Men\u00f9 7 portate + abbinamento vini"},"content":{"rendered":"","protected":false},"excerpt":{"rendered":"<p>Immersi nel verde della tenuta, seduti di fronte al vigneto di Dorona, ci si far\u00e0 guidare in un percorso di cucina ambientale al Ristorante Venissa (Stella Michelin e Stella Verde Michelin 2022) con le proposte degli Chef Chiara Pavan e Francesco Brutto, tra creativit\u00e0 e attenzione all\u2019ambiente.<\/p>\n<p>&nbsp;<\/p>\n<p><span style=\"text-decoration: underline;\"><strong>Il voucher per due persone include:<\/strong><\/span><\/p>\n<p style=\"font-weight: 400;\">\u2022 Assaggio del vino\u00a0Venissa Bianco<br \/>\n\u2022 Men\u00f9 degustazione 7 portate al Ristorante Venissa (Stella Michelin e Stella Verde Michelin 2022)<br \/>\n\u2022 Abbinamento vini, acqua e caff\u00e8<\/p>\n<p>&nbsp;<\/p>\n<p>&nbsp;<\/p>\n<h6><b>Il voucher \u00e8 valido per due persone a pranzo o a cena fino al 6 gennaio 2027. Leggi tutti <\/b><a href=\"https:\/\/venissa.it\/regalavenissa\/termini-e-condizioni-venissa-gift-vouchers\/\"><b>i termini e le condizioni dell&#8217;offerta<\/b><\/a><b>.<\/b><\/h6>\n<h6>La prenotazione del voucher \u00e8 soggetta a disponibilit\u00e0. Vi consigliamo di prenotare con ampio anticipo chiamandoci allo 041 5272281 oppure inviando una mail a\u00a0<b><\/b><b><a href=\"mailto:info@venissa.it\">info@venissa.it<\/a><\/b><\/h6>\n<h6 class=\"p1\">La presenza di restrizioni alimentari potr\u00e0 implicare la riduzione del numero di piatti rispetto alla degustazione selezionata. Inoltre, potr\u00e0 rendersi necessario servire il men\u00f9 adattato alle restrizioni alimentari per tutti i commensali.<\/h6>\n","protected":false},"featured_media":5438,"template":"","meta":[],"product_brand":[],"product_cat":[62,15],"product_tag":[],"class_list":{"0":"post-850","1":"product","2":"type-product","3":"status-publish","4":"has-post-thumbnail","6":"product_cat-ristorante-venissa","7":"product_cat-tutti","9":"first","10":"instock","11":"virtual","12":"purchasable","13":"product-type-simple"},"_links":{"self":[{"href":"https:\/\/venissa.it\/regalavenissa\/wp-json\/wp\/v2\/product\/850","targetHints":{"allow":["GET"]}}],"collection":[{"href":"https:\/\/venissa.it\/regalavenissa\/wp-json\/wp\/v2\/product"}],"about":[{"href":"https:\/\/venissa.it\/regalavenissa\/wp-json\/wp\/v2\/types\/product"}],"wp:featuredmedia":[{"embeddable":true,"href":"https:\/\/venissa.it\/regalavenissa\/wp-json\/wp\/v2\/media\/5438"}],"wp:attachment":[{"href":"https:\/\/venissa.it\/regalavenissa\/wp-json\/wp\/v2\/media?parent=850"}],"wp:term":[{"taxonomy":"product_brand","embeddable":true,"href":"https:\/\/venissa.it\/regalavenissa\/wp-json\/wp\/v2\/product_brand?post=850"},{"taxonomy":"product_cat","embeddable":true,"href":"https:\/\/venissa.it\/regalavenissa\/wp-json\/wp\/v2\/product_cat?post=850"},{"taxonomy":"product_tag","embeddable":true,"href":"https:\/\/venissa.it\/regalavenissa\/wp-json\/wp\/v2\/product_tag?post=850"}],"curies":[{"name":"wp","href":"https:\/\/api.w.org\/{rel}","templated":true}]}}