
{"id":2793,"date":"2022-05-31T19:06:51","date_gmt":"2022-05-31T17:06:51","guid":{"rendered":"https:\/\/venissa.it\/regalavenissa\/?page_id=2793"},"modified":"2026-04-21T14:32:23","modified_gmt":"2026-04-21T12:32:23","slug":"termini-e-condizioni-venissa-gift-vouchers","status":"publish","type":"page","link":"https:\/\/venissa.it\/regalavenissa\/termini-e-condizioni-venissa-gift-vouchers\/","title":{"rendered":"Termini e condizioni &#8211; Venissa Gift Vouchers"},"content":{"rendered":"<p>Vi preghiamo di prendere nota dei termini e condizioni di ciascuna tipologia di voucher.<\/p>\n<p>&nbsp;<\/p>\n<h2>Condizioni generali di acquisto e prenotazione (applicate a tutte le tipologie di gift\u00a0voucher):<\/h2>\n<p class=\"p1\">Le prenotazioni vanno necessariamente effettuate inviando una mail a <a href=\"mailto:info@venissa.it\">info@venissa.it<\/a> e indicando il numero del gift voucher. I<span class=\"Apple-converted-space\">\u00a0<\/span>gift voucher non sono applicabili a prenotazioni gi\u00e0 in essere. I gift voucher sono validi esclusivamente durante il regolare servizio e non possono essere utilizzati in occasione di eventi speciali o eventi con men\u00f9 dedicati. I gift\u00a0voucher possono essere utilizzati esclusivamente in base alla disponibilit\u00e0 della struttura e dei servizi, da verificarsi al momento della prenotazione.<\/p>\n<p class=\"p1\">Una volta effettuata la prenotazione, potr\u00e0 essere cancellata entro 7 giorni dalla data di arrivo e il voucher potr\u00e0 essere riutilizzato entro la scadenza prevista. Per cancellazioni oltre 7 giorni il voucher verr\u00e0 perso e non sar\u00e0 pi\u00f9 utilizzabile.<\/p>\n<p class=\"p1\">I gift voucher non sono rimborsabili.<\/p>\n<p class=\"p1\">I gift voucher devono essere utilizzati entro la data di scadenza indicata.<\/p>\n<p>&nbsp;<\/p>\n<h2>Ulteriori condizioni dei rispettivi gift voucher:<\/h2>\n<p style=\"font-weight: 400;\"><span style=\"text-decoration: underline;\"><strong>OSTERIA CONTEMPORANEA<\/strong><\/span><\/p>\n<p style=\"font-weight: 400;\">Voucher valido tutti i giorni fino al 6 gennaio 2027 a pranzo e a cena, in base alla disponibilit\u00e0, esclusi i giorni di chiusura dell&#8217;Osteria. Il voucher non include il servizio barca.<\/p>\n<p>&nbsp;<\/p>\n<p style=\"font-weight: 400;\"><span style=\"text-decoration: underline;\"><strong>RISTORANTE VENISSA<\/strong><\/span><\/p>\n<p style=\"font-weight: 400;\">Voucher valido tutti i giorni a pranzo e a cena dalla data di acquisto fino al 6 gennaio 2027, in base alla disponibilit\u00e0, esclusi i i giorni di chiusura del Ristorante. Il voucher non include il servizio barca.<\/p>\n<p>&nbsp;<\/p>\n<p style=\"font-weight: 400;\"><span style=\"text-decoration: underline;\"><strong>BARCA + RISTORANTE VENISSA<\/strong><\/span><\/p>\n<p style=\"font-weight: 400;\">Voucher valido tutti i giorni a pranzo e a cena dalla data di acquisto fino al 6 gennaio 2027, in base alla disponibilit\u00e0, esclusi i i giorni di chiusura del Ristorante. L&#8217;esperienza \u00e8 per un minimo di 2 persone. Le partenze del servizio barca hanno orari prefissati da Venezia (Riva degli Schiavoni\/San Zaccaria o Piazzale Roma\/Ferrovia). L&#8217;orario esatto e il meeting point verr\u00e0 comunicato sotto data, prima della partenza. Il nostro servizio barca \u00e8 riservato fino ad un massimo di 10 ospiti. Il servizio \u00e8 svolto in modalit\u00e0 condivisa: pi\u00f9 prenotazioni individuali possono essere accorpate sullo stesso transfer. Il viaggio in barca dura circa 30 minuti.<\/p>\n<p>&nbsp;<\/p>\n<p style=\"font-weight: 400;\"><span style=\"text-decoration: underline;\"><strong>UNA NOTTE A VENISSA WINE RESORT \/ CASA BURANO + OSTERIA CONTEMPORANEA<\/strong><\/span><\/p>\n<p style=\"font-weight: 400;\">Voucher valido tutti i giorni dal fino al 6 gennaio 2027 a pranzo e a cena, in base alla disponibilit\u00e0, esclusi i giorni di chiusura dell&#8217;Osteria. Nel caso la camera fosse a Casa Burano, il check in verr\u00e0 fatto a Venissa, poi gli ospiti saranno accompagnati a piedi a Burano \u2013 una suggestiva passeggiata di 10 minuti. Le tasse di soggiorno sono escluse. \u00c8 possibile integrare il voucher regalo aggiungendo un\u2019ulteriore notte, oppure un pranzo o una cena alle condizioni previste. Il voucher non include il servizio barca.<\/p>\n<p>&nbsp;<\/p>\n<p style=\"font-weight: 400;\"><span style=\"text-decoration: underline;\"><strong>UNA NOTTE A VENISSA WINE RESORT \/ CASA BURANO + RISTORANTE VENISSA<\/strong><\/span><\/p>\n<p style=\"font-weight: 400;\">Voucher valido tutti i giorni a pranzo e a cena dalla data di acquisto fino al 6 gennaio 2027, in base alla disponibilit\u00e0, esclusi i i giorni di chiusura del Ristorante. Nel caso la camera fosse a Casa Burano, il check in verr\u00e0 fatto a Venissa, poi gli ospiti saranno accompagnati a piedi a Burano \u2013 una suggestiva passeggiata di 10 minuti. Le tasse di soggiorno sono escluse. \u00c8 possibile integrare il voucher regalo aggiungendo un\u2019ulteriore notte, oppure un pranzo o una cena alle condizioni previste. Il voucher include il servizio barca da Venezia. Le partenze del servizio barca hanno orari prefissati da Venezia (Riva degli Schiavoni\/San Zaccaria o Piazzale Roma\/Ferrovia). L&#8217;orario esatto e il meeting point verranno comunicati sotto data, prima della partenza. Il nostro servizio barca \u00e8 riservato fino ad un massimo di 10 ospiti. Il servizio \u00e8 svolto in modalit\u00e0 condivisa: pi\u00f9 prenotazioni individuali possono essere accorpate sullo stesso transfer. Il viaggio in barca dura circa 30 minuti.<\/p>\n<p>&nbsp;<\/p>\n<p><span style=\"text-decoration: underline;\"><strong>VISITE E DEGUSTAZIONI<\/strong><\/span><\/p>\n<p style=\"font-weight: 400;\">Voucher valido tutti i giorni fino al 6 gennaio 2027, in base alla disponibilit\u00e0. Il voucher non include il servizio barca.<\/p>\n<p style=\"font-weight: 400;\">\n","protected":false},"excerpt":{"rendered":"<p>Vi preghiamo di prendere nota dei termini e condizioni di ciascuna tipologia di voucher. &nbsp; Condizioni generali di acquisto e prenotazione (applicate a tutte le tipologie di gift\u00a0voucher): Le prenotazioni vanno necessariamente effettuate inviando una mail a info@venissa.it e indicando il numero del gift voucher. I\u00a0gift voucher non sono applicabili a prenotazioni gi\u00e0 in essere&#8230;.<\/p>\n","protected":false},"author":51,"featured_media":0,"parent":0,"menu_order":0,"comment_status":"closed","ping_status":"closed","template":"","meta":{"footnotes":""},"class_list":["post-2793","page","type-page","status-publish","hentry"],"_links":{"self":[{"href":"https:\/\/venissa.it\/regalavenissa\/wp-json\/wp\/v2\/pages\/2793","targetHints":{"allow":["GET"]}}],"collection":[{"href":"https:\/\/venissa.it\/regalavenissa\/wp-json\/wp\/v2\/pages"}],"about":[{"href":"https:\/\/venissa.it\/regalavenissa\/wp-json\/wp\/v2\/types\/page"}],"author":[{"embeddable":true,"href":"https:\/\/venissa.it\/regalavenissa\/wp-json\/wp\/v2\/users\/51"}],"replies":[{"embeddable":true,"href":"https:\/\/venissa.it\/regalavenissa\/wp-json\/wp\/v2\/comments?post=2793"}],"version-history":[{"count":3,"href":"https:\/\/venissa.it\/regalavenissa\/wp-json\/wp\/v2\/pages\/2793\/revisions"}],"predecessor-version":[{"id":22000,"href":"https:\/\/venissa.it\/regalavenissa\/wp-json\/wp\/v2\/pages\/2793\/revisions\/22000"}],"wp:attachment":[{"href":"https:\/\/venissa.it\/regalavenissa\/wp-json\/wp\/v2\/media?parent=2793"}],"curies":[{"name":"wp","href":"https:\/\/api.w.org\/{rel}","templated":true}]}}