
{"id":2847,"date":"2022-06-01T12:12:35","date_gmt":"2022-06-01T10:12:35","guid":{"rendered":"https:\/\/venissa.it\/regalavenissa\/?post_type=product&#038;p=2847"},"modified":"2026-03-28T10:34:23","modified_gmt":"2026-03-28T09:34:23","slug":"barca-ristorante-venissa","status":"publish","type":"product","link":"https:\/\/venissa.it\/regalavenissa\/en\/prodotto\/barca-ristorante-venissa\/","title":{"rendered":"Barca + Ristorante Venissa (7 portate + vini)"},"content":{"rendered":"","protected":false},"excerpt":{"rendered":"<p>Quando il viaggio \u00e8 parte dell\u2019esperienza. Si attraverser\u00e0 la laguna in barca fino a Mazzorbo, isola della Venezia Nativa dove si trova Venissa. Qui, nel verde della tenuta, con vista sul vigneto, si inizier\u00e0 il percorso di cucina ambientale del Ristorante Venissa (Stella Michelin e Stella Verde Michelin 2022) con le proposte degli Chef Chiara Pavan e Francesco Brutto, tra creativit\u00e0 e attenzione all\u2019ambiente.<\/p>\n<p>&nbsp;<\/p>\n<p><span style=\"text-decoration: underline;\"><strong>Il voucher per due persone include:<\/strong><\/span><\/p>\n<p>\u2022 Viaggio in barca A\/R<span class=\"Apple-converted-space\"> da Venezia (Riva degli Schiavoni \u2013 Piazzale Roma)<br \/>\n<\/span>\u2022 Assaggio del vino Venissa Bianco<br \/>\n\u2022 Men\u00f9 \u00a07 portate al Ristorante Venissa (Stella MICHELIN + Stella\u00a0Verde MICHELIN 2022)<br \/>\n\u2022 Abbinamento vini, acqua e caff\u00e8<\/p>\n<p>&nbsp;<\/p>\n<p>&nbsp;<\/p>\n<h6><b>Il voucher \u00e8 valido per due persone fino al 6 gennaio 2027. Leggi tutti <\/b><a href=\"https:\/\/venissa.it\/regalavenissa\/termini-e-condizioni-venissa-gift-vouchers\/\"><b>i termini e le condizioni dell&#8217;offerta<\/b><\/a><b>.<\/b><\/h6>\n<h6>La prenotazione del voucher \u00e8 soggetta a disponibilit\u00e0. Vi consigliamo di prenotare con ampio anticipo chiamandoci allo 041 5272281 oppure inviando una mail a\u00a0<b><\/b><b><a href=\"mailto:info@venissa.it\">info@venissa.it<\/a><\/b><\/h6>\n<h6 class=\"p1\">La presenza di restrizioni alimentari potr\u00e0 implicare la riduzione del numero di piatti rispetto alla degustazione selezionata. Inoltre, potr\u00e0 rendersi necessario servire il men\u00f9 adattato alle restrizioni alimentari per tutti i commensali.<\/h6>\n","protected":false},"featured_media":2849,"template":"","meta":[],"product_brand":[],"product_cat":[62,15],"product_tag":[],"class_list":{"0":"post-2847","1":"product","2":"type-product","3":"status-publish","4":"has-post-thumbnail","6":"product_cat-ristorante-venissa","7":"product_cat-tutti","9":"first","10":"instock","11":"virtual","12":"purchasable","13":"product-type-simple"},"_links":{"self":[{"href":"https:\/\/venissa.it\/regalavenissa\/en\/wp-json\/wp\/v2\/product\/2847","targetHints":{"allow":["GET"]}}],"collection":[{"href":"https:\/\/venissa.it\/regalavenissa\/en\/wp-json\/wp\/v2\/product"}],"about":[{"href":"https:\/\/venissa.it\/regalavenissa\/en\/wp-json\/wp\/v2\/types\/product"}],"wp:featuredmedia":[{"embeddable":true,"href":"https:\/\/venissa.it\/regalavenissa\/en\/wp-json\/wp\/v2\/media\/2849"}],"wp:attachment":[{"href":"https:\/\/venissa.it\/regalavenissa\/en\/wp-json\/wp\/v2\/media?parent=2847"}],"wp:term":[{"taxonomy":"product_brand","embeddable":true,"href":"https:\/\/venissa.it\/regalavenissa\/en\/wp-json\/wp\/v2\/product_brand?post=2847"},{"taxonomy":"product_cat","embeddable":true,"href":"https:\/\/venissa.it\/regalavenissa\/en\/wp-json\/wp\/v2\/product_cat?post=2847"},{"taxonomy":"product_tag","embeddable":true,"href":"https:\/\/venissa.it\/regalavenissa\/en\/wp-json\/wp\/v2\/product_tag?post=2847"}],"curies":[{"name":"wp","href":"https:\/\/api.w.org\/{rel}","templated":true}]}}