{"id":214,"date":"2019-11-26T17:01:12","date_gmt":"2019-11-26T16:01:12","guid":{"rendered":"http:\/\/venissa.it\/asporto\/?post_type=product&#038;p=214"},"modified":"2025-11-07T14:28:09","modified_gmt":"2025-11-07T13:28:09","slug":"venissa-2015-magnum","status":"publish","type":"product","link":"https:\/\/venissa.it\/asporto\/prodotto\/venissa-2015-magnum\/","title":{"rendered":"Venissa Bianco 2015 Magnum"},"content":{"rendered":"<h5 style=\"text-align: center;\">Venissa Bianco 2015<\/h5>\n<p style=\"text-align: center;\">Equilibrio<\/p>\n<p>&nbsp;<\/p>\n<p style=\"text-align: center;\">Numero di bottiglie prodotte:<\/p>\n<p style=\"text-align: center;\"><strong>5580 mezzo litro, 80 magnum, 40 Jeroboam, 20 imperiali<\/strong><\/p>\n<p>&nbsp;<\/p>\n<p>&nbsp;<\/p>\n<p style=\"text-align: center;\">&#8221;Nell\u2019ideazione di Giovanni Moretti, l\u2019etichetta cede il posto ad una preziosa<br \/>\nfoglia d\u2019oro realizzata dall\u2019attuale discendente dell\u2019antica famiglia Berta<br \/>\nBattiloro. L\u2019applicazione \u00e8 stata eseguita a mano e la bottiglia poi messa a<br \/>\nricottura nei forni delle vetrerie di Murano.&#8221;<\/p>\n","protected":false},"excerpt":{"rendered":"<h5>Carattere ed eleganza; nelle annate perfette non serve scegliere, tutto \u00e8 donato. Internazionalmente considerata una delle migliori annate di sempre, Venissa Bianco 2015 non fa eccezione e stupisce. Equilibrio.<\/h5>\n<p>Il vino ha colore dorato ed un\u2019espressione nasale subito speziata, con note iodate e sfumature di frutta a polpa gialla. Al tatto la consistenza \u00e8 piena e vellutata, con note dominanti di mandorla in armonia con espressioni di pesca gialla e miele; in chiusura \u00e8 asciutto, sapido, pieno e persistente. Venissa \u00e8 un grande vino bianco longevo e quindi perfetto anche come vino da collezione.<\/p>\n<p>-Bottiglia da 1,5 L (cassa di legno)<\/p>\n<p>-Titolo alcolometrico: 13%<\/p>\n<p>-Temperatura di servizio: 10-12 C<\/p>\n","protected":false},"featured_media":449,"template":"","meta":[],"product_brand":[],"product_cat":[26,23],"product_tag":[],"class_list":{"0":"post-214","1":"product","2":"type-product","3":"status-publish","4":"has-post-thumbnail","6":"product_cat-grandi-formati","7":"product_cat-annate-storiche","9":"first","10":"instock","11":"taxable","12":"shipping-taxable","13":"purchasable","14":"product-type-simple"},"_links":{"self":[{"href":"https:\/\/venissa.it\/asporto\/wp-json\/wp\/v2\/product\/214","targetHints":{"allow":["GET"]}}],"collection":[{"href":"https:\/\/venissa.it\/asporto\/wp-json\/wp\/v2\/product"}],"about":[{"href":"https:\/\/venissa.it\/asporto\/wp-json\/wp\/v2\/types\/product"}],"wp:featuredmedia":[{"embeddable":true,"href":"https:\/\/venissa.it\/asporto\/wp-json\/wp\/v2\/media\/449"}],"wp:attachment":[{"href":"https:\/\/venissa.it\/asporto\/wp-json\/wp\/v2\/media?parent=214"}],"wp:term":[{"taxonomy":"product_brand","embeddable":true,"href":"https:\/\/venissa.it\/asporto\/wp-json\/wp\/v2\/product_brand?post=214"},{"taxonomy":"product_cat","embeddable":true,"href":"https:\/\/venissa.it\/asporto\/wp-json\/wp\/v2\/product_cat?post=214"},{"taxonomy":"product_tag","embeddable":true,"href":"https:\/\/venissa.it\/asporto\/wp-json\/wp\/v2\/product_tag?post=214"}],"curies":[{"name":"wp","href":"https:\/\/api.w.org\/{rel}","templated":true}]}}