{"id":1999,"date":"2024-08-05T13:28:27","date_gmt":"2024-08-05T11:28:27","guid":{"rendered":"https:\/\/venissa.it\/asporto\/?post_type=product&#038;p=1999"},"modified":"2026-04-24T13:10:06","modified_gmt":"2026-04-24T11:10:06","slug":"venissa-2013-nr","status":"publish","type":"product","link":"https:\/\/venissa.it\/asporto\/prodotto\/venissa-2013-nr\/","title":{"rendered":"Venissa 2013"},"content":{"rendered":"<h5 style=\"text-align: center;\">Venissa Bianco 2013<\/h5>\n<p style=\"text-align: center;\">L&#8217;Eleganza<\/p>\n<p>&nbsp;<\/p>\n<p style=\"text-align: center;\">Numero di bottiglie prodotte:<\/p>\n<p style=\"text-align: center;\"><strong>3976 mezzo litro, 188 magnum, 88 Jeroboam, 36 imperiali<\/strong><\/p>\n<p>&nbsp;<\/p>\n<p>&nbsp;<\/p>\n<p style=\"text-align: center;\">&#8221;Nell\u2019ideazione di Giovanni Moretti, l\u2019etichetta cede il posto ad una preziosa<br \/>\nfoglia d\u2019oro realizzata dall\u2019attuale discendente dell\u2019antica famiglia Berta<br \/>\nBattiloro. L\u2019applicazione \u00e8 stata eseguita a mano e la bottiglia poi messa a<br \/>\nricottura nei forni delle vetrerie di Murano.&#8221;<\/p>\n<p style=\"text-align: center;\">\n","protected":false},"excerpt":{"rendered":"<h5>Sapidit\u00e0 e sensazioni di mare. Un\u2019annata che gioca su note fresche e piacevoli, accomunate da una grande mineralit\u00e0 che ne esalta la struttura complessa.<\/h5>\n<p>Il vino ha un colore dorato luminoso, al naso si percepiscono note fresche di t\u00e8, pesca e camomilla.\u00a0 \u00a0 In bocca la verticalit\u00e0 \u00e8 accompagnata da complessi effluvi minerali e iodati con sfumature di mandorla. In chiusura \u00e8 asciutto, sapido, pieno e persistente. Venissa \u00e8 un grande vino bianco longevo e quindi perfetto anche come vino da collezione.<\/p>\n<p>-Bottiglia da 0,5 L (cassetta di legno)<\/p>\n<p>-Titolo alcolometrico: 13%<\/p>\n<p>-Temperatura di servizio: 10-12 C<\/p>\n","protected":false},"featured_media":84,"template":"","meta":[],"product_brand":[],"product_cat":[23],"product_tag":[],"class_list":{"0":"post-1999","1":"product","2":"type-product","3":"status-publish","4":"has-post-thumbnail","6":"product_cat-annate-storiche","8":"first","9":"instock","10":"taxable","11":"shipping-taxable","12":"purchasable","13":"product-type-simple"},"_links":{"self":[{"href":"https:\/\/venissa.it\/asporto\/wp-json\/wp\/v2\/product\/1999","targetHints":{"allow":["GET"]}}],"collection":[{"href":"https:\/\/venissa.it\/asporto\/wp-json\/wp\/v2\/product"}],"about":[{"href":"https:\/\/venissa.it\/asporto\/wp-json\/wp\/v2\/types\/product"}],"wp:featuredmedia":[{"embeddable":true,"href":"https:\/\/venissa.it\/asporto\/wp-json\/wp\/v2\/media\/84"}],"wp:attachment":[{"href":"https:\/\/venissa.it\/asporto\/wp-json\/wp\/v2\/media?parent=1999"}],"wp:term":[{"taxonomy":"product_brand","embeddable":true,"href":"https:\/\/venissa.it\/asporto\/wp-json\/wp\/v2\/product_brand?post=1999"},{"taxonomy":"product_cat","embeddable":true,"href":"https:\/\/venissa.it\/asporto\/wp-json\/wp\/v2\/product_cat?post=1999"},{"taxonomy":"product_tag","embeddable":true,"href":"https:\/\/venissa.it\/asporto\/wp-json\/wp\/v2\/product_tag?post=1999"}],"curies":[{"name":"wp","href":"https:\/\/api.w.org\/{rel}","templated":true}]}}