{"id":1492,"date":"2023-06-05T17:03:57","date_gmt":"2023-06-05T15:03:57","guid":{"rendered":"https:\/\/venissa.it\/asporto\/?post_type=product&#038;p=1492"},"modified":"2025-11-07T14:21:59","modified_gmt":"2025-11-07T13:21:59","slug":"venissa-rosso-2016-jeroboam","status":"publish","type":"product","link":"https:\/\/venissa.it\/asporto\/prodotto\/venissa-rosso-2016-jeroboam\/","title":{"rendered":"Venissa Rosso 2016 Jeroboam"},"content":{"rendered":"<h5 style=\"text-align: center;\">Venissa Rosso 2016<\/h5>\n<p>&nbsp;<\/p>\n<p style=\"text-align: center;\">Numero di bottiglie prodotte:<\/p>\n<p style=\"text-align: center;\"><strong>2100 mezzo litro, 40 magnum, 20 Jeroboam, 10 imperiali<\/strong><\/p>\n<p>&nbsp;<\/p>\n<p>&nbsp;<\/p>\n<p style=\"text-align: center;\">&#8221;Nell\u2019ideazione di Giovanni Moretti, l\u2019etichetta cede il posto ad una preziosa<br \/>\nfoglia di rame realizzata dall\u2019attuale discendente dell\u2019antica famiglia Berta<br \/>\nBattiloro. L\u2019applicazione \u00e8 stata eseguita a mano e la bottiglia poi messa a<br \/>\nricottura nei forni delle vetrerie di Murano.&#8221;<\/p>\n<p style=\"text-align: center;\">\n","protected":false},"excerpt":{"rendered":"<h5>Un vino rosso eccezionale che trasmette il cuore della Venezia Nativa.<\/h5>\n<p>Il colore \u00e8 un intenso rosso rubino con sfumature viola.<\/p>\n<p>Al naso esibisce sentori di fiori di barena e frutti di bosco, insieme a note complesse di cioccolato fondente, spezie dolci ed erbe. In bocca \u00e8 fresco e deciso, con una texture morbida e avvolgente e note di liquirizia e menta piperita.<\/p>\n<p>Il finale \u00e8 lungo e intenso, con una piacevole sapidit\u00e0. Rosso Venissa 2016 promette una grande longevit\u00e0.<\/p>\n<p>Bottiglia singola da 3 L (cassa di legno)<\/p>\n<p>Titolo alcolometrico: 14%<\/p>\n<p>Temperatura di servizio: 16-18 C<\/p>\n","protected":false},"featured_media":1485,"template":"","meta":[],"product_brand":[],"product_cat":[32,26],"product_tag":[],"class_list":{"0":"post-1492","1":"product","2":"type-product","3":"status-publish","4":"has-post-thumbnail","6":"product_cat-venissa-rosso","7":"product_cat-grandi-formati","9":"first","10":"instock","11":"taxable","12":"shipping-taxable","13":"purchasable","14":"product-type-simple"},"_links":{"self":[{"href":"https:\/\/venissa.it\/asporto\/wp-json\/wp\/v2\/product\/1492","targetHints":{"allow":["GET"]}}],"collection":[{"href":"https:\/\/venissa.it\/asporto\/wp-json\/wp\/v2\/product"}],"about":[{"href":"https:\/\/venissa.it\/asporto\/wp-json\/wp\/v2\/types\/product"}],"wp:featuredmedia":[{"embeddable":true,"href":"https:\/\/venissa.it\/asporto\/wp-json\/wp\/v2\/media\/1485"}],"wp:attachment":[{"href":"https:\/\/venissa.it\/asporto\/wp-json\/wp\/v2\/media?parent=1492"}],"wp:term":[{"taxonomy":"product_brand","embeddable":true,"href":"https:\/\/venissa.it\/asporto\/wp-json\/wp\/v2\/product_brand?post=1492"},{"taxonomy":"product_cat","embeddable":true,"href":"https:\/\/venissa.it\/asporto\/wp-json\/wp\/v2\/product_cat?post=1492"},{"taxonomy":"product_tag","embeddable":true,"href":"https:\/\/venissa.it\/asporto\/wp-json\/wp\/v2\/product_tag?post=1492"}],"curies":[{"name":"wp","href":"https:\/\/api.w.org\/{rel}","templated":true}]}}