{"id":1236,"date":"2022-08-28T08:36:46","date_gmt":"2022-08-28T06:36:46","guid":{"rendered":"https:\/\/venissa.it\/asporto\/?post_type=product&#038;p=1236"},"modified":"2025-11-07T14:22:40","modified_gmt":"2025-11-07T13:22:40","slug":"venissa-rosso-2017-2","status":"publish","type":"product","link":"https:\/\/venissa.it\/asporto\/prodotto\/venissa-rosso-2017-2\/","title":{"rendered":"Venissa Rosso 2017"},"content":{"rendered":"<h5 style=\"text-align: center;\">Venissa Rosso 2017<\/h5>\n<p style=\"text-align: center;\">Area di Produzione: Venezia, I sola di Santa Cristina<br \/>\nS uperficie: 2,85 Ha<br \/>\nVitigni: Merlot 82% e Cabernet Sauvignon 18%<br \/>\nEspos izione del vigneto: est-ovest, pianeggiante<br \/>\nAltimetria del vigneto: 3 m s.l.m.<br \/>\nTipo di S uolo: lagunare, limoso-sabbioso, leggermente calcareo<br \/>\nS is tema di allevamento: cordone speronato<br \/>\nDens it\u00e0 di piante per Ha: 1300<br \/>\nProduzione per pianta: 0,7 Kg<br \/>\nEpoca di raccolta delle uve: fine Settembre<br \/>\nFermentazione: in acciaio<br \/>\nTemperatura di fermentazione: 25\u00b0 C.<br \/>\nDurata del proces so di macerazione: 24 giorni<br \/>\nOperazioni durante la macerazione: follature manuali<br \/>\nAffinamento: 12 mesi in barriques di rovere francese di I \u00b0 e I I \u00b0<br \/>\npassaggio<br \/>\nLieviti: selezionati<br \/>\nGradazione alcolica: 14.5 %Vol<\/p>\n<p>&nbsp;<\/p>\n<p>&nbsp;<\/p>\n<p style=\"text-align: center;\">Numero di bottiglie prodotte:<\/p>\n<p style=\"text-align: center;\"><strong>1680 mezzo litro, 40 magnum<\/strong><\/p>\n<p>&nbsp;<\/p>\n<p style=\"text-align: center;\">&#8221;Nell\u2019ideazione di Giovanni Moretti, l\u2019etichetta cede il posto ad una preziosa<br \/>\nfoglia di rame realizzata dall\u2019attuale discendente dell\u2019antica famiglia Berta<br \/>\nBattiloro. L\u2019applicazione \u00e8 stata eseguita a mano e la bottiglia poi messa a<br \/>\nricottura nei forni delle vetrerie di Murano.&#8221;<\/p>\n","protected":false},"excerpt":{"rendered":"<h5>Un vino rosso eccezionale che trasmette il cuore della Venezia Nativa.<\/h5>\n<p>Il colore \u00e8 un intenso rosso rubino con sfumature viola.<\/p>\n<p>Al naso esibisce sentori di fiori di barena e frutti di bosco, insieme a note complesse di cioccolato fondente, spezie dolci ed erbe. In bocca \u00e8 fresco e deciso, con una texture morbida e avvolgente e note di liquirizia e menta piperita.<\/p>\n<p>Il finale \u00e8 lungo e intenso, con una piacevole sapidit\u00e0. Rosso Venissa 2017 promette una grande longevit\u00e0.<\/p>\n<p>Bottiglia singola da 0,5 L (cassa di legno)<\/p>\n<p>Titolo alcolometrico: 14%<\/p>\n<p>Temperatura di servizio: 16-18 C<\/p>\n","protected":false},"featured_media":2164,"template":"","meta":[],"product_brand":[],"product_cat":[32],"product_tag":[],"class_list":{"0":"post-1236","1":"product","2":"type-product","3":"status-publish","4":"has-post-thumbnail","6":"product_cat-venissa-rosso","8":"first","9":"instock","10":"taxable","11":"shipping-taxable","12":"purchasable","13":"product-type-simple"},"_links":{"self":[{"href":"https:\/\/venissa.it\/asporto\/wp-json\/wp\/v2\/product\/1236","targetHints":{"allow":["GET"]}}],"collection":[{"href":"https:\/\/venissa.it\/asporto\/wp-json\/wp\/v2\/product"}],"about":[{"href":"https:\/\/venissa.it\/asporto\/wp-json\/wp\/v2\/types\/product"}],"wp:featuredmedia":[{"embeddable":true,"href":"https:\/\/venissa.it\/asporto\/wp-json\/wp\/v2\/media\/2164"}],"wp:attachment":[{"href":"https:\/\/venissa.it\/asporto\/wp-json\/wp\/v2\/media?parent=1236"}],"wp:term":[{"taxonomy":"product_brand","embeddable":true,"href":"https:\/\/venissa.it\/asporto\/wp-json\/wp\/v2\/product_brand?post=1236"},{"taxonomy":"product_cat","embeddable":true,"href":"https:\/\/venissa.it\/asporto\/wp-json\/wp\/v2\/product_cat?post=1236"},{"taxonomy":"product_tag","embeddable":true,"href":"https:\/\/venissa.it\/asporto\/wp-json\/wp\/v2\/product_tag?post=1236"}],"curies":[{"name":"wp","href":"https:\/\/api.w.org\/{rel}","templated":true}]}}