{"id":236,"date":"2019-12-18T15:54:16","date_gmt":"2019-12-18T14:54:16","guid":{"rendered":"http:\/\/venissa.it\/asporto\/?page_id=236"},"modified":"2019-12-19T14:53:27","modified_gmt":"2019-12-19T13:53:27","slug":"condizioni-di-vendita","status":"publish","type":"page","link":"https:\/\/venissa.it\/asporto\/condizioni-di-vendita\/","title":{"rendered":"Condizioni di vendita"},"content":{"rendered":"<p>[vc_row row_type=&#8221;row&#8221; use_row_as_full_screen_section=&#8221;no&#8221; type=&#8221;full_width&#8221; angled_section=&#8221;no&#8221; text_align=&#8221;left&#8221; background_image_as_pattern=&#8221;without_pattern&#8221; el_class=&#8221;termini&#8221; z_index=&#8221;&#8221;][vc_column width=&#8221;1\/6&#8243;][\/vc_column][vc_column width=&#8221;2\/3&#8243;][vc_column_text]<\/p>\n<h5>SCEGLIERE e ORDINARE i PRODOTTI<\/h5>\n<p>Le caratteristiche e il prezzo dei vari prodotti in vendita sul Sito (di seguito \u201cProdotto\u201d o \u201cProdotti\u201d) sono riportati nella pagina relativa a ciascun Prodotto (Scheda Prodotto). Per l&#8217;acquisto dei Prodotti il Cliente dovr\u00e0 compilare e inviare il modulo d&#8217;ordine in formato elettronico, seguendo le istruzioni contenute nel Sito. Il Cliente dovr\u00e0 aggiungere il Prodotto al &#8220;Carrello&#8221; e dopo aver preso visione delle Condizioni Generali e della Politica di Privacy e confermato la loro accettazione, dovr\u00e0 inserire i dati di spedizione e eventuale fatturazione, selezionare la modalit\u00e0 di pagamento desiderata e confermare l&#8217;ordine.<\/p>\n<p>Con l\u2019invio dell&#8217;ordine dal Sito, che ha valore di proposta contrattuale, il Cliente riconosce e dichiara di aver preso visione di tutte le indicazioni fornitegli durante la procedura d&#8217;acquisto e di accettare integralmente le presenti Condizioni Generali e di pagamento trascritte.<\/p>\n<p>Al Cliente \u00e8 severamente vietato inserire dati falsi e\/o inventati nella procedura di registrazione e nelle ulteriori comunicazioni.<\/p>\n<p>Il contratto stipulato tra Terre di Venezia srl e il Cliente deve intendersi concluso con l&#8217;accettazione dell&#8217;ordine da parte di Terre di Venezia srl. Tale accettazione viene comunicata al Cliente attraverso un&#8217;email di conferma dell&#8217;ordine stesso contenente un rinvio alle presenti Condizioni Generali, il numero d&#8217;ordine, i dati di spedizione e fatturazione, l&#8217;elenco dei Prodotti ordinati con le loro caratteristiche essenziali e il prezzo complessivo, incluse le spese di consegna. Il Cliente controller\u00e0 l\u2019email di conferma e qualora individui degli errori nell\u2019ordine avr\u00e0 12 (dodici) ore di tempo dalla ricezione di tale email per contattare il Servizio Clienti direttamente dal Sito a mezzo di posta elettronica: info@venissa.it . Trascorso tale termine l\u2019ordine verr\u00e0 messo in lavorazione per la spedizione e non saranno pi\u00f9 accettate modifiche, senza pregiudizio per i diritti del Cliente di cui al successivo articolo.<\/p>\n<p>Una volta ricevuto l&#8217;ordine, Terre di Venezia srl verificher\u00e0 la disponibilit\u00e0 del proprio magazzini prodotti per comunicare l\u2019eventuale non disponibilit\u00e0 di alcuni di essi. Nel caso in cui uno o pi\u00f9 Prodotti non risultassero disponibili, il Servizio Clienti di Terre di Venezia srl invier\u00e0 tempestiva comunicazione via email al Cliente il quale, entro le successive 24 (ventiquattro) ore, avr\u00e0 facolt\u00e0 di rispondere per confermare la spedizione degli eventuali ulteriori Prodotti disponibili o annullarla. In caso di mancata risposta entro tale termine, l\u2019ordine verr\u00e0 considerato confermato e i Prodotti disponibili saranno messi in<br \/>\nspedizione. In tal caso l\u2019intero importo relativo ai Prodotti mancanti verr\u00e0 stornato e rimborsato al Cliente.[\/vc_column_text][vc_empty_space][vc_column_text]<\/p>\n<h5>PREMESSA ed EFFICACIA delle CONDIZIONI GENERALI<\/h5>\n<p>Le presenti condizioni generali di vendita (in seguito, &#8220;Condizioni Generali&#8221;) hanno per oggetto la disciplina dell\u2019acquisto dei prodotti e dei servizi, effettuato a distanza e resi disponibili, tramite rete internet, dal sito www.venissa.it (nel seguito, il \u201cSito\u201d) nel rispetto della normativa italiana di cui al d.lgs 206\/2005 e successive modifiche e integrazioni (in seguito, \u201cCodice del Consumo\u201d) nonch\u00e9 delle norme in materia di commercio elettronico di cui al d.lgs 70\/2003. Il venditore dei prodotti e titolare del Sito \u00e8: Terre di Venezia s.r.l con sede legale in Fondamenta S. Caterina, 3 &#8211; 30170 Isola di Mazzorbo &#8211; Venezia e codice fiscale e Partita Iva 03828090278. Indirizzo di posta elettronica: info@venissa.it.<\/p>\n<p>Il consumatore che accede al Sito per effettuare acquisti (di seguito \u201cCliente\u201d) \u00e8 tenuto, prima dell\u2019invio dell\u2019ordine, a leggere attentamente le presenti Condizioni Generali che sono state messe a sua disposizione sul Sito e che saranno consultabili in ogni momento dal Cliente anche attraverso il link contenuto nell\u2019email di conferma di ogni ordine per consentirgliene la riproduzione e la memorizzazione.<\/p>\n<p>Il Cliente \u00e8 invitato a stampare o conservare secondo le modalit\u00e0 preferite le Condizioni Generali. In caso di variazioni delle Condizioni Generali, all\u2019ordine di acquisto si applicheranno le condizioni pubblicate sul sito al momento dell\u2019invio dell\u2019ordine stesso da parte del Cliente. Nel caso in cui il soggetto che effettua acquisti sul Sito richieda l\u2019emissione di fattura e\/o comunque non sia un \u201cconsumatore o utente\u201d come definito all\u2019art. 3, comma 1, lett. a), del Codi<br \/>\nce del Consumo, non troveranno applicazione la disciplina del recesso di cui all\u2019art. 7 e 8 delle presenti Condizioni Generali n\u00e9, pi\u00f9 in generale, le previsioni che ai sensi del medesimo Codice del Consumo si applicano unicamente ai \u201cconsumatori\u201d.<\/p>\n<p>I contratti conclusi con Terre di Venezia s.r.l attraverso il Sito sono regolati dalle presenti Condizioni Generali nel rispetto della normativa italiana. La lingua a disposizione per concludere il contratto \u00e8 l\u2019italiano.[\/vc_column_text][vc_empty_space][\/vc_column][vc_column width=&#8221;1\/6&#8243;][\/vc_column][\/vc_row][vc_row row_type=&#8221;row&#8221; use_row_as_full_screen_section=&#8221;no&#8221; type=&#8221;full_width&#8221; angled_section=&#8221;no&#8221; text_align=&#8221;left&#8221; background_image_as_pattern=&#8221;without_pattern&#8221; el_class=&#8221;termini&#8221; z_index=&#8221;&#8221;][vc_column width=&#8221;1\/6&#8243;][\/vc_column][vc_column width=&#8221;2\/3&#8243;][vc_column_text]<\/p>\n<h5>INFORMAZIONI sui PRODOTTI<\/h5>\n<p>Le informazioni e le caratteristiche relative ai Prodotti sono disponibili sul nostro Sito. La rappresentazione visiva dei Prodotti sul Sito, ove disponibile, corrisponde normalmente all&#8217;immagine fotografica a corredo della scheda descrittiva. Resta inteso che l&#8217;immagine dei Prodotti stessi ha il solo scopo di presentarli per la vendita e pu\u00f2 in alcuni rari casi non essere perfettamente rappresentativa delle sue caratteristiche e qualit\u00e0 ma potr\u00e0 differire per colore e dimensioni. In caso di differenza tra l&#8217;immagine e la scheda prodotto da noi descritta, fa sempre fede la descrizione della scheda prodotto. Ad ogni modo si precisa e si richiede sollevandoci da alcuna nostra diversa responsabilit\u00e0 di controllare attentamente l\u2019etichetta posta sul prodotto, una volta che lo stesso sar\u00e0 nelle vostre mani.[\/vc_column_text][vc_empty_space][\/vc_column][vc_column width=&#8221;1\/6&#8243;][\/vc_column][\/vc_row][vc_row row_type=&#8221;row&#8221; use_row_as_full_screen_section=&#8221;no&#8221; type=&#8221;full_width&#8221; angled_section=&#8221;no&#8221; text_align=&#8221;left&#8221; background_image_as_pattern=&#8221;without_pattern&#8221; el_class=&#8221;termini&#8221; z_index=&#8221;&#8221;][vc_column width=&#8221;1\/6&#8243;][\/vc_column][vc_column width=&#8221;2\/3&#8243;][vc_column_text]<\/p>\n<h5>ERRORI e LIMITAZIONI di RESPONSABILIT\u00c0<\/h5>\n<p>Le informazioni relative ai Prodotti fornite attraverso il Sito sono costantemente aggiornate. Non \u00e8 tuttavia possibile garantire la completa assenza di errori dovuti per l\u2019appunto al costante aggiornamento degli stessi, errori dei quali pertanto Terre di Venezia srl non potr\u00e0 considerarsi responsabile, salvo in caso di dolo colpa grave.<\/p>\n<p>Terre di Venezia srl si riserva il diritto di correggere gli errori, le inesattezze o le omissioni anche dopo che sia stato inviato un ordine, oppure di modificare o aggiornare le informazioni in qualsiasi momento senza preventiva comunicazione, fermi restando i diritti del Cliente ai sensi delle presenti Condizioni Generali e del Codice del Consumo. E\u2019 consentito pertanto al Cliente richiedere, in tale ipotesi di errore, il rimborso della spesa previa tassativa restituzione del\/dei Prodotti nel\/i quale\/i fosse riscontrato dal Cliente tale eventuale errore informativo da parte di Terre di Venezia srl. In tal caso le spese di spedizione del Prodotto reso\/i \u00e8 a carico di Terre di Venezia srl.<\/p>\n<p>Salvo dolo o colpa grave, viene escluso ogni diritto del Cliente al risarcimento di danni o al riconoscimento di un indennizzo, nonch\u00e9 qualsiasi responsabilit\u00e0 contrattuale o extracontrattuale per danni diretti o indiretti a persone e\/o cose, provocati dalla mancata accettazione o evasione, anche parziale, di un ordine.<\/p>\n<p>Terre di Venezia srl promuove il consumo responsabile degli alcolici ed esclude qualsiasi responsabilit\u00e0 a proprio carico, salvo dolo o colpa grave, nel caso di acquisto effettuato da parte di minori di 18 anni.[\/vc_column_text][vc_empty_space][\/vc_column][vc_column width=&#8221;1\/6&#8243;][\/vc_column][\/vc_row][vc_row row_type=&#8221;row&#8221; use_row_as_full_screen_section=&#8221;no&#8221; type=&#8221;full_width&#8221; angled_section=&#8221;no&#8221; text_align=&#8221;left&#8221; background_image_as_pattern=&#8221;without_pattern&#8221; el_class=&#8221;termini&#8221; z_index=&#8221;&#8221;][vc_column width=&#8221;1\/6&#8243;][\/vc_column][vc_column width=&#8221;2\/3&#8243;][vc_column_text]<\/p>\n<h5>DIRITTO DI RECESSO &#8211; ESCLUSIONI<\/h5>\n<p>Poiche&#8217; la conferma d&#8217;ordine avvia il processo di esecuzione dell&#8217;ordine da parte del committente, Terre di Venezia S.r.l si avvale dell&#8217;esclusione del diritto di recesso ai sensi e per gli effetti dell&#8217;art. 59 comma 2 lettera d) e e) del d.lgs 206\/2005[\/vc_column_text][vc_empty_space][\/vc_column][vc_column width=&#8221;1\/6&#8243;][\/vc_column][\/vc_row]<\/p>\n","protected":false},"excerpt":{"rendered":"<p>[vc_row row_type=&#8221;row&#8221; use_row_as_full_screen_section=&#8221;no&#8221; type=&#8221;full_width&#8221; angled_section=&#8221;no&#8221; text_align=&#8221;left&#8221; background_image_as_pattern=&#8221;without_pattern&#8221; el_class=&#8221;termini&#8221; z_index=&#8221;&#8221;][vc_column width=&#8221;1\/6&#8243;][\/vc_column][vc_column width=&#8221;2\/3&#8243;][vc_column_text] SCEGLIERE e ORDINARE i PRODOTTI Le caratteristiche e il prezzo dei vari prodotti in vendita sul Sito (di seguito \u201cProdotto\u201d o \u201cProdotti\u201d) sono riportati nella pagina relativa a ciascun Prodotto (Scheda Prodotto). Per l&#8217;acquisto dei Prodotti il Cliente dovr\u00e0 compilare e inviare il modulo&#8230;<\/p>\n","protected":false},"author":1,"featured_media":0,"parent":0,"menu_order":0,"comment_status":"closed","ping_status":"closed","template":"","meta":{"footnotes":""},"class_list":["post-236","page","type-page","status-publish","hentry"],"_links":{"self":[{"href":"https:\/\/venissa.it\/asporto\/wp-json\/wp\/v2\/pages\/236","targetHints":{"allow":["GET"]}}],"collection":[{"href":"https:\/\/venissa.it\/asporto\/wp-json\/wp\/v2\/pages"}],"about":[{"href":"https:\/\/venissa.it\/asporto\/wp-json\/wp\/v2\/types\/page"}],"author":[{"embeddable":true,"href":"https:\/\/venissa.it\/asporto\/wp-json\/wp\/v2\/users\/1"}],"replies":[{"embeddable":true,"href":"https:\/\/venissa.it\/asporto\/wp-json\/wp\/v2\/comments?post=236"}],"version-history":[{"count":3,"href":"https:\/\/venissa.it\/asporto\/wp-json\/wp\/v2\/pages\/236\/revisions"}],"predecessor-version":[{"id":250,"href":"https:\/\/venissa.it\/asporto\/wp-json\/wp\/v2\/pages\/236\/revisions\/250"}],"wp:attachment":[{"href":"https:\/\/venissa.it\/asporto\/wp-json\/wp\/v2\/media?parent=236"}],"curies":[{"name":"wp","href":"https:\/\/api.w.org\/{rel}","templated":true}]}}