{"id":2556,"date":"2026-03-09T12:18:59","date_gmt":"2026-03-09T11:18:59","guid":{"rendered":"https:\/\/venissa.it\/asporto\/?post_type=product&#038;p=2556"},"modified":"2026-04-14T12:50:29","modified_gmt":"2026-04-14T10:50:29","slug":"venusa-cru-mazzorbo-2024","status":"publish","type":"product","link":"https:\/\/venissa.it\/asporto\/en\/prodotto\/venusa-cru-mazzorbo-2024\/","title":{"rendered":"MZB 506 Venusa Cru Mazzorbo 2024"},"content":{"rendered":"<p>[vc_row][vc_column][vc_column_text]<\/p>\n<h4 style=\"text-align: center;\">V e n u s a\u00a0 Cru Mazzorbo 2024<\/h4>\n<p>[\/vc_column_text][\/vc_column][\/vc_row][vc_row][vc_column width=&#8221;1\/2&#8243;][vc_column_text]<\/p>\n<blockquote>\n<ul>\n<li><strong>Scheda tecnica<\/strong><\/li>\n<li style=\"text-align: left;\"><strong>Area di Produzione<\/strong>: Venezia, Isola di Mazzorbo<br \/>\n<strong>Variet\u00e0<\/strong>: 100% Dorona di Venezia<br \/>\n<strong>Superficie vigneto<\/strong>: 0,8 ha<br \/>\n<strong>Esposizione<\/strong>: est-ovest, pianeggiante<br \/>\n<strong>Altimetria<\/strong>: variabile da 1 m a -1 m s.l.m.<br \/>\n<strong>Tipo di suolo<\/strong>: lagunare, limoso-sabbioso<br \/>\n<strong>Sistema di allevamento<\/strong>: Guyot<br \/>\n<strong>Densit\u00e0 di piante per ha<\/strong>: 4000<br \/>\n<strong>Produzione per pianta<\/strong>: 1,2 kg<br \/>\n<strong>Raccolta delle uve<\/strong>: Met\u00e0 settembre<br \/>\n<strong>Fermentazione<\/strong>: acciaio<br \/>\n<strong>Temperatura di fermentazione<\/strong>: 17 C<br \/>\n<strong>Durata della macerazione<\/strong>: 3 giorni<br \/>\n<strong>Gradazione alcolica<\/strong>: 12%<br \/>\n<strong>Affinamento<\/strong>: 12 mesi in anfora<\/li>\n<\/ul>\n<\/blockquote>\n<p>[\/vc_column_text][\/vc_column][vc_column width=&#8221;1\/2&#8243;][vc_column_text]<\/p>\n<h5 style=\"text-align: left;\">Note di degustazione<\/h5>\n<p data-start=\"201\" data-end=\"339\">Al naso emergono fiori di campo, scorza d&#8217;arancia, erbe marine e santonico, accompagnati da richiami vegetali che evocano il paesaggio della Venezia Nativa.<\/p>\n<p data-start=\"341\" data-end=\"504\">Al palato il vino \u00e8 ampio e avvolgente, con una trama gustativa che si sviluppa in profondit\u00e0, sostenuta da una freschezza minerale.<\/p>\n<p>[\/vc_column_text][vc_column_text][\/vc_column_text][\/vc_column][\/vc_row][vc_row][vc_column][vc_separator][\/vc_column][\/vc_row][vc_row][vc_column][vc_column_text]<\/p>\n<p style=\"text-align: center;\">Venusa<\/p>\n<p style=\"text-align: center;\"><em>Tra barene e terreni salati, un terroir unico tra terra e mare nasconde eccellenze dal sapore unico.<\/em><\/p>\n<p style=\"text-align: center;\"><em>Ci ritroviamo immersi in atmosfere rarefatte, quasi sospese, in un tempo che sembra aver dimenticato una dimensione reale.<\/em><\/p>\n<p>[\/vc_column_text][vc_single_image image=&#8221;127&#8243; img_size=&#8221;medium&#8221; alignment=&#8221;center&#8221;][\/vc_column][\/vc_row][vc_row][vc_column][vc_column_text]<\/p>\n<div class=\"_2cuy _3dgx _2vxa\">\n<p>La Tenuta Venissa sorge a Mazzorbo, isola che assieme a Torcello e Burano rappresenta\u00a0la Venezia Nativa: un arcipelago di natura, colori, sapori e arte.<\/p>\n<\/div>\n<div class=\"_2cuy _3dgx _2vxa\">Venissa \u00e8 un perfetto esempio di\u00a0\u201cvigna murata\u201d, all\u2019interno si trova il vitigno Dorona di Venezia, uva autoctona della laguna coltivata per secoli e quasi estinta a seguito della grande acqua alta del 1966.<\/div>\n<div class=\"_2cuy _3dgx _2vxa\"><\/div>\n<div class=\"_2cuy _3dgx _2vxa\">Oggi da questo \u201cclos\u201d nascono 3000 bottiglie l\u2019anno di Venissa, uno dei vini pi\u00f9 ricercati dagli appassionati che nel 2016 \u00e8 stato giudicato da VinePair come miglior vino bianco al mondo, un vino unico con note salmastre che richiamano la laguna e i suoi profumi.<\/div>\n<p>[\/vc_column_text][\/vc_column][\/vc_row]<\/p>\n","protected":false},"excerpt":{"rendered":"<h5>Il nuovo progetto Venusa Cru nasce dall&#8217;intento di ascoltare nel modo pi\u00f9 radicale possibile la Laguna, attraverso un&#8217;impresa mai tentata prima: coltivare la Dorona in tre isole apparentemente vicine seppur lontane, simili eppure diverse, nell&#8217;arcipelago della Venezia Nativa. Il sale presente nel terreno, in equilibrio e contrasto tra i tre vigneti della tenuta, diventa la spinta creativa che guida questa esplorazione.<\/h5>\n<p>Dalla Vigna Murata di Mazzorbo, nasce <strong>Venusa Cru MZB 506. <\/strong>Le uve Dorona provengono da una selezione di micro-parcelle all&#8217;interno della tenuta, le pi\u00f9 intime ed identitarie, capaci di riflettere la memoria originaria del luogo e la piena consapevolezza del progetto Venissa. Il sale, presente a 506 p.p.m., non rappresenta una minaccia bens\u00ec una condizione di simbiosi naturale tra vigneto e ambiente. Il vino che nasce \u00e8 ampio e avvolgente, con una trama gustativa che si sviluppa in profondit\u00e0. Un&#8217;espressione consapevole dove identit\u00e0 e memoria coincidono.<\/p>\n","protected":false},"featured_media":2607,"template":"","meta":[],"product_brand":[],"product_cat":[65,40,15],"product_tag":[64],"class_list":{"0":"post-2556","1":"product","2":"type-product","3":"status-publish","4":"has-post-thumbnail","6":"product_cat-venusa-cru","7":"product_cat-venusa-bianco","8":"product_cat-tuttelecategorie","9":"product_tag-venusa","11":"first","12":"instock","13":"featured","14":"taxable","15":"shipping-taxable","16":"purchasable","17":"product-type-simple"},"_links":{"self":[{"href":"https:\/\/venissa.it\/asporto\/en\/wp-json\/wp\/v2\/product\/2556","targetHints":{"allow":["GET"]}}],"collection":[{"href":"https:\/\/venissa.it\/asporto\/en\/wp-json\/wp\/v2\/product"}],"about":[{"href":"https:\/\/venissa.it\/asporto\/en\/wp-json\/wp\/v2\/types\/product"}],"wp:featuredmedia":[{"embeddable":true,"href":"https:\/\/venissa.it\/asporto\/en\/wp-json\/wp\/v2\/media\/2607"}],"wp:attachment":[{"href":"https:\/\/venissa.it\/asporto\/en\/wp-json\/wp\/v2\/media?parent=2556"}],"wp:term":[{"taxonomy":"product_brand","embeddable":true,"href":"https:\/\/venissa.it\/asporto\/en\/wp-json\/wp\/v2\/product_brand?post=2556"},{"taxonomy":"product_cat","embeddable":true,"href":"https:\/\/venissa.it\/asporto\/en\/wp-json\/wp\/v2\/product_cat?post=2556"},{"taxonomy":"product_tag","embeddable":true,"href":"https:\/\/venissa.it\/asporto\/en\/wp-json\/wp\/v2\/product_tag?post=2556"}],"curies":[{"name":"wp","href":"https:\/\/api.w.org\/{rel}","templated":true}]}}